{"id":1045,"date":"2017-01-10T18:25:41","date_gmt":"2017-01-10T17:25:41","guid":{"rendered":"http:\/\/www.euroexit.org\/?page_id=1045"},"modified":"2017-01-24T19:24:01","modified_gmt":"2017-01-24T18:24:01","slug":"termine","status":"publish","type":"page","link":"https:\/\/www.euroexit.org\/index.php\/termine\/","title":{"rendered":"Termine"},"content":{"rendered":"<div class=\"eo-event-board\" data-board=\"69e4fc87083cd\"><div class=\"eo-event-board-filters\" data-filters=\"\"><\/div><div class=\"eo-event-board-items\"><\/div><div class=\"eo-event-board-more\"><\/div><\/div>\n<p><strong>Vergangene Termine:<\/strong><\/p>\n\n\n\t<ul  class=\"eo-events eo-events-shortcode\" > \n\n\t\t\n\t\t\t\n\t\t\t<li class=\"eo-event-past\" >\n\t\t\t\t<a href=\"https:\/\/www.euroexit.org\/index.php\/events\/event\/imperium-eu-arbeitsunrecht-krise-neue-gegenwehr\/\">Imperium EU &#8211; ArbeitsUnrecht, Krise, neue Gegenwehr<\/a> am 18. Februar 2021 19:00\t\t\t<\/li>\n\n\t\t\n\t\t\t\n\t\t\t<li class=\"eo-event-past\" >\n\t\t\t\t<a href=\"https:\/\/www.euroexit.org\/index.php\/events\/event\/eu-nach-corona-laesst-sich-die-rueckkehr-zur-austeritaet-durchsetzen\/\">EU nach Corona: l\u00e4sst sich die R\u00fcckkehr zur Austerit\u00e4t durchsetzen?<\/a> am 25. Januar 2021 18:00\t\t\t<\/li>\n\n\t\t\n\t\t\t\n\t\t\t<li class=\"eo-event-venue-amerlinghaus eo-event-past\" >\n\t\t\t\t<a href=\"https:\/\/www.euroexit.org\/index.php\/events\/event\/buchpraesentation-mit-hannes-hofbauer-europa-ein-nachruf\/\">Buchpr\u00e4sentation mit Hannes Hofbauer: Europa &#8211; ein Nachruf<\/a> am 3. Dezember 2020 18:00\t\t\t<\/li>\n\n\t\t\n\t\t\t\n\t\t\t<li class=\"eo-event-venue-amerlinghaus eo-event-past\" >\n\t\t\t\t<a href=\"https:\/\/www.euroexit.org\/index.php\/events\/event\/was-du-ueber-die-neue-italexit-partei-von-paragone-wissen-willst\/\">Was Du \u00fcber die neue Italexit-Partei von Paragone wissen willst<\/a> am 10. August 2020 19:30\t\t\t<\/li>\n\n\t\t\n\t\t\t\n\t\t\t<li class=\"eo-event-past\" >\n\t\t\t\t<a href=\"https:\/\/www.euroexit.org\/index.php\/events\/event\/italien-wehrt-sich-gegen-das-eu-diktat\/\">Italien wehrt sich gegen das EU-Diktat<\/a> am 22. April 2020 20:00\t\t\t<\/li>\n\n\t\t\n\t\t\t\n\t\t\t<li class=\"eo-event-venue-amerlinghaus eo-event-past\" >\n\t\t\t\t<a href=\"https:\/\/www.euroexit.org\/index.php\/events\/event\/demokratisch-und-souveraen-oder-europaeisch-und-imperial\/\">Demokratisch und souver\u00e4n oder europ\u00e4isch und imperial?<\/a> am 5. M\u00e4rz 2020 19:00\t\t\t<\/li>\n\n\t\t\n\t\t\t\n\t\t\t<li class=\"eo-event-venue-pin-centro-congressi-cavour eo-event-past\" >\n\t\t\t\t<a href=\"https:\/\/www.euroexit.org\/index.php\/events\/event\/eurexit-strategien-der-befreiung\/\">Eurexit: Strategien der Befreiung<\/a> am 13. April 2019 9:00\t\t\t<\/li>\n\n\t\t\n\t\t\t\n\t\t\t<li class=\"eo-event-venue-dgb-haus eo-event-past\" >\n\t\t\t\t<a href=\"https:\/\/www.euroexit.org\/index.php\/events\/event\/eu-wahl-2019-eurokrise-und-wie-weiter\/\">EU-Wahl 2019, \u20acurokrise und wie weiter?<\/a> am 27. Februar 2019 18:00\t\t\t<\/li>\n\n\t\t\n\t\t\t\n\t\t\t<li class=\"eo-event-venue-universitaet-kassel eo-event-past\" >\n\t\t\t\t<a href=\"https:\/\/www.euroexit.org\/index.php\/events\/event\/kassel-regulierung-der-maerkte-und-nationale-souveraenitaet\/\">Kassel: Regulierung der M\u00e4rkte und nationale Souver\u00e4nit\u00e4t<\/a> am 6. Oktober 2018 11:30\t\t\t<\/li>\n\n\t\t\n\t\t\t\n\t\t\t<li class=\"eo-event-venue-amerlinghaus eo-event-past\" >\n\t\t\t\t<a href=\"https:\/\/www.euroexit.org\/index.php\/events\/event\/aktionstreffen-gegen-die-regierung-der-asozialen\/\">Aktionstreffen gegen die unsoziale Regierung<\/a> am 24. Januar 2018 19:00\t\t\t<\/li>\n\n\t\t\n\t\t\t\n\t\t\t<li class=\"eo-event-venue-solidarwerkstatt-linz eo-event-past\" >\n\t\t\t\t<a href=\"https:\/\/www.euroexit.org\/index.php\/events\/event\/klausur-selbstbestimmtes-oesterreich\/\">Klausur \u201eSelbstbestimmtes \u00d6sterreich\u201c<\/a> am 5. Januar 2018 16:00\t\t\t<\/li>\n\n\t\t\n\t\t\t\n\t\t\t<li class=\"eo-event-venue-mq-anfang-mariahilferstrasse eo-event-past\" >\n\t\t\t\t<a href=\"https:\/\/www.euroexit.org\/index.php\/events\/event\/keine-teilnahme-an-der-eu-militarisierung-ssz\/\">Keine Teilnahme an der EU-Militarisierung (SSZ)<\/a> am 12. Dezember 2017 17:00\t\t\t<\/li>\n\n\t\t\n\t\t\t\n\t\t\t<li class=\"eo-event-past\" >\n\t\t\t\t<a href=\"https:\/\/www.euroexit.org\/index.php\/events\/event\/linz-demo-ggn-schwarzblauen-sozialabbau\/\">Linz: Demo ggn schwarzblauen Sozialabbau<\/a> am 4. Dezember 2017 17:00\t\t\t<\/li>\n\n\t\t\n\t\t\t\n\t\t\t<li class=\"eo-event-venue-cafe-rathaus eo-event-past\" >\n\t\t\t\t<a href=\"https:\/\/www.euroexit.org\/index.php\/events\/event\/gegen_ssz\/\">Treffen gegen SSZ (EU-Militarisierung)<\/a> am 3. Dezember 2017 18:00\t\t\t<\/li>\n\n\t\t\n\t\t\t\n\t\t\t<li class=\"eo-event-venue-amerlinghaus eo-event-past\" >\n\t\t\t\t<a href=\"https:\/\/www.euroexit.org\/index.php\/events\/event\/gruendungstreffen-plattform-personenkomitee-demokratisch-sozial-souveraen-neutral\/\">demokratisch | sozial | souver\u00e4n | neutral: Treffen zur Aktion gegen die Regierung der Industriellenvereinigung<\/a> am 4. November 2017 10:00\t\t\t<\/li>\n\n\t\t\n\t\t\t\n\t\t\t<li class=\"eo-event-venue-alte-kapelle-uni-campus-hof-1-alser-str-2-4-1090-wien eo-event-past\" >\n\t\t\t\t<a href=\"https:\/\/www.euroexit.org\/index.php\/events\/event\/nation-oesterreich-neutralitaet-gegen-grossmachtwahn\/\">Nation \u00d6sterreich \u2013 Neutralit\u00e4t oder EU-Gro\u00dfmacht<\/a> am 25. Oktober 2017 18:00\t\t\t<\/li>\n\n\t\t\n\t\t\t\n\t\t\t<li class=\"eo-event-venue-6-gumpendorfer-strasse-23 eo-event-past\" >\n\t\t\t\t<a href=\"https:\/\/www.euroexit.org\/index.php\/events\/event\/symposium-demokratisch-sozial-souveraen-neutral\/\">Symposium: demokratisch \u2013 sozial \u2013 souver\u00e4n \u2013 neutral<\/a> am 30. September 2017 15:00\t\t\t<\/li>\n\n\t\t\n\t\t\t\n\t\t\t<li class=\"eo-event-venue-chianciano-terme eo-event-past eo-all-day\" >\n\t\t\t\t<a href=\"https:\/\/www.euroexit.org\/index.php\/events\/event\/aufstaendisches-und-souveraenes-italien\/\">Ein aufst\u00e4ndisches und souver\u00e4nes Italien<\/a> am 1. September 2017\t\t\t<\/li>\n\n\t\t\n\t\t\t\n\t\t\t<li class=\"eo-event-past\" >\n\t\t\t\t<a href=\"https:\/\/www.euroexit.org\/index.php\/events\/event\/euroexit-klausur-2\/\">Euroexit Klausur<\/a> am 7. Juli 2017 17:00\t\t\t<\/li>\n\n\t\t\n\t\t\t\n\t\t\t<li class=\"eo-event-venue-vhs-praterstern-1-1020-wien eo-event-past\" >\n\t\t\t\t<a href=\"https:\/\/www.euroexit.org\/index.php\/events\/event\/globalisierung-am-ende\/\">Globalisierung am Ende?<\/a> am 4. Mai 2017 18:30\t\t\t<\/li>\n\n\t\t\n\t\t\t\n\t\t\t<li class=\"eo-event-venue-okaz-gusshausstr-143-1040-wien eo-event-past\" >\n\t\t\t\t<a href=\"https:\/\/www.euroexit.org\/index.php\/events\/event\/serbien-und-der-balkan-bleibt-die-westintegration-alternativlos\/\">Serbien und der Balkan \u2013 bleibt die Westintegration alternativlos?<\/a> am 24. M\u00e4rz 2017 19:30\t\t\t<\/li>\n\n\t\t\n\t\t\t\n\t\t\t<li class=\"eo-event-past\" >\n\t\t\t\t<a href=\"https:\/\/www.euroexit.org\/index.php\/events\/event\/euroexit-klausur\/\">Euroexit Klausur<\/a> am 18. Februar 2017 15:00\t\t\t<\/li>\n\n\t\t\n\t\t\t\n\t\t\t<li class=\"eo-event-past\" >\n\t\t\t\t<a href=\"https:\/\/www.euroexit.org\/index.php\/events\/event\/tagung-welche-alternative-zum-euro-und-zur-neoliberalen-eu-brauchen-wir\/\">Tagung: Welche Alternative zum \u20acuro und zur neoliberalen EU brauchen wir?<\/a> am 28. Januar 2017 11:00\t\t\t<\/li>\n\n\t\t\n\t\t\t\n\t\t\t<li class=\"eo-event-past eo-multi-day eo-all-day\" >\n\t\t\t\t<a href=\"https:\/\/www.euroexit.org\/index.php\/events\/event\/volksbegehren-gegen-ttip-ceta-tisa\/\">Volksbegehren gegen TTIP-CETA-TISA<\/a> am 23. Januar 2017\t\t\t<\/li>\n\n\t\t\n\t\t\t\n\t\t\t<li class=\"eo-event-past\" >\n\t\t\t\t<a href=\"https:\/\/www.euroexit.org\/index.php\/events\/event\/umzug-demokratie-statt-freihandel-2\/\">Umzug: Demokratie statt Freihandel<\/a> am 21. Januar 2017 13:00\t\t\t<\/li>\n\n\t\t\n\t\t\t\n\t\t\t<li class=\"eo-event-past\" >\n\t\t\t\t<a href=\"https:\/\/www.euroexit.org\/index.php\/events\/event\/umzug-demokratie-statt-freihandel\/\">Umzug: Demokratie statt Freihandel<\/a> am 20. Januar 2017 16:00\t\t\t<\/li>\n\n\t\t\n\t\t\t\n\t\t\t<li class=\"eo-event-past\" >\n\t\t\t\t<a href=\"https:\/\/www.euroexit.org\/index.php\/events\/event\/podiumsdiskussion-freihandel-und-demokratie-ein-widerspruch\/\">Podiumsdiskussion: Freihandel und Demokratie, ein Widerspruch?<\/a> am 17. Januar 2017 18:30\t\t\t<\/li>\n\n\t\t\n\t<\/ul>\n\n\n","protected":false},"excerpt":{"rendered":"<p>Vergangene Termine:<\/p>\n","protected":false},"author":8,"featured_media":0,"parent":0,"menu_order":0,"comment_status":"closed","ping_status":"closed","template":"","meta":{"advgb_blocks_editor_width":"","advgb_blocks_columns_visual_guide":""},"coauthors":[],"author_meta":{"author_link":"https:\/\/www.euroexit.org\/index.php\/author\/chris\/","display_name":"chris"},"relative_dates":{"created":"Posted 9 Jahren ago","modified":"Updated 9 Jahren ago"},"absolute_dates":{"created":"Posted on 10. Januar 2017","modified":"Updated on 24. Januar 2017"},"absolute_dates_time":{"created":"Posted on 10. Januar 2017 18:25","modified":"Updated on 24. Januar 2017 19:24"},"featured_img_caption":"","featured_img":false,"series_order":"","_links":{"self":[{"href":"https:\/\/www.euroexit.org\/index.php\/wp-json\/wp\/v2\/pages\/1045"}],"collection":[{"href":"https:\/\/www.euroexit.org\/index.php\/wp-json\/wp\/v2\/pages"}],"about":[{"href":"https:\/\/www.euroexit.org\/index.php\/wp-json\/wp\/v2\/types\/page"}],"author":[{"embeddable":true,"href":"https:\/\/www.euroexit.org\/index.php\/wp-json\/wp\/v2\/users\/8"}],"replies":[{"embeddable":true,"href":"https:\/\/www.euroexit.org\/index.php\/wp-json\/wp\/v2\/comments?post=1045"}],"version-history":[{"count":0,"href":"https:\/\/www.euroexit.org\/index.php\/wp-json\/wp\/v2\/pages\/1045\/revisions"}],"wp:attachment":[{"href":"https:\/\/www.euroexit.org\/index.php\/wp-json\/wp\/v2\/media?parent=1045"}],"curies":[{"name":"wp","href":"https:\/\/api.w.org\/{rel}","templated":true}]}}