{"id":1362,"date":"2017-10-02T22:58:45","date_gmt":"2017-10-02T20:58:45","guid":{"rendered":"http:\/\/www.euroexit.org\/?page_id=1362"},"modified":"2017-10-04T20:39:29","modified_gmt":"2017-10-04T18:39:29","slug":"demokratisch-sozial-souveraen-neutral-symposium","status":"publish","type":"page","link":"https:\/\/www.euroexit.org\/index.php\/demokratisch-sozial-souveraen-neutral-symposium\/","title":{"rendered":"Demokratisch &#8211; Sozial &#8211; Souver\u00e4n &#8211; Neutral: Symposium"},"content":{"rendered":"<h6><strong>Ein handlungsf\u00e4higer Pol f\u00fcr eine solidarische, demokratische und \u00f6kologische Wende<\/strong><\/h6>\n<p><em>Wer von der EU nicht reden will, der soll auch \u00fcber den Kampf gegen den Neoliberalismus schweigen.<\/em><\/p>\n<p>&nbsp;<\/p>\n<div id='gallery-1' class='gallery galleryid-1362 gallery-columns-3 gallery-size-thumbnail'><figure class='gallery-item'>\n\t\t\t<div class='gallery-icon landscape'>\n\t\t\t\t<a href='https:\/\/www.euroexit.org\/wp-content\/uploads\/2017\/10\/Diskussionskreis.jpg'><img loading=\"lazy\" decoding=\"async\" width=\"150\" height=\"150\" src=\"https:\/\/www.euroexit.org\/wp-content\/uploads\/2017\/10\/Diskussionskreis-150x150.jpg\" class=\"attachment-thumbnail size-thumbnail\" alt=\"Diskussionskreis\" aria-describedby=\"gallery-1-1404\" \/><\/a>\n\t\t\t<\/div>\n\t\t\t\t<figcaption class='wp-caption-text gallery-caption' id='gallery-1-1404'>\n\t\t\t\tDiskussionskreis\n\t\t\t\t<\/figcaption><\/figure><figure class='gallery-item'>\n\t\t\t<div class='gallery-icon landscape'>\n\t\t\t\t<a href='https:\/\/www.euroexit.org\/wp-content\/uploads\/2017\/10\/Michael-Wengraf.jpg'><img loading=\"lazy\" decoding=\"async\" width=\"150\" height=\"150\" src=\"https:\/\/www.euroexit.org\/wp-content\/uploads\/2017\/10\/Michael-Wengraf-150x150.jpg\" class=\"attachment-thumbnail size-thumbnail\" alt=\"Michael Wengraf\" aria-describedby=\"gallery-1-1403\" \/><\/a>\n\t\t\t<\/div>\n\t\t\t\t<figcaption class='wp-caption-text gallery-caption' id='gallery-1-1403'>\n\t\t\t\tMichael Wengraf (l), Historiker und Publizist: Die Nation per se ist weder gut noch b\u00f6se: in der heutigen Situation k\u00f6nnen mit einem selbst\u00e4ndigen \u00d6sterreich die Interessen der Werkt\u00e4tigen besser verteidigt werden.\n\t\t\t\t<\/figcaption><\/figure><figure class='gallery-item'>\n\t\t\t<div class='gallery-icon landscape'>\n\t\t\t\t<a href='https:\/\/www.euroexit.org\/wp-content\/uploads\/2017\/10\/Irina-Vana.jpg'><img loading=\"lazy\" decoding=\"async\" width=\"150\" height=\"100\" src=\"https:\/\/www.euroexit.org\/wp-content\/uploads\/2017\/10\/Irina-Vana-e1507026568281-150x100.jpg\" class=\"attachment-thumbnail size-thumbnail\" alt=\"Irina Vana\" aria-describedby=\"gallery-1-1402\" \/><\/a>\n\t\t\t<\/div>\n\t\t\t\t<figcaption class='wp-caption-text gallery-caption' id='gallery-1-1402'>\n\t\t\t\tIrina Vana, Sozialwissenschaftlerin: Islamophobie dient den linksliberalen Eliten der EU, wie den Rechten zur Verteidigung ihrer Machtanspr\u00fcche. Der Kampf dagegen geh\u00f6rt zu jedem sozial fortschrittlichen Projekt.\n\t\t\t\t<\/figcaption><\/figure><figure class='gallery-item'>\n\t\t\t<div class='gallery-icon landscape'>\n\t\t\t\t<a href='https:\/\/www.euroexit.org\/wp-content\/uploads\/2017\/10\/David-Stockinger.jpg'><img loading=\"lazy\" decoding=\"async\" width=\"150\" height=\"150\" src=\"https:\/\/www.euroexit.org\/wp-content\/uploads\/2017\/10\/David-Stockinger-150x150.jpg\" class=\"attachment-thumbnail size-thumbnail\" alt=\"David Stockinger\" aria-describedby=\"gallery-1-1401\" \/><\/a>\n\t\t\t<\/div>\n\t\t\t\t<figcaption class='wp-caption-text gallery-caption' id='gallery-1-1401'>\n\t\t\t\tDavid Stockinger, SP\u00d6 Schwechat: \u201eLinks\u201c wurde zu einem Lebensstil, den man sich leisten k\u00f6nnen muss.\n\t\t\t\t<\/figcaption><\/figure><figure class='gallery-item'>\n\t\t\t<div class='gallery-icon landscape'>\n\t\t\t\t<a href='https:\/\/www.euroexit.org\/wp-content\/uploads\/2017\/10\/Marcus-Scholz.jpg'><img loading=\"lazy\" decoding=\"async\" width=\"150\" height=\"150\" src=\"https:\/\/www.euroexit.org\/wp-content\/uploads\/2017\/10\/Marcus-Scholz-150x150.jpg\" class=\"attachment-thumbnail size-thumbnail\" alt=\"Marcus Scholz\" aria-describedby=\"gallery-1-1400\" \/><\/a>\n\t\t\t<\/div>\n\t\t\t\t<figcaption class='wp-caption-text gallery-caption' id='gallery-1-1400'>\n\t\t\t\tMarcus Scholz, BDS Austria: Unterst\u00fctzung und Verst\u00e4ndnis f\u00fcr den globalen S\u00fcden wird zunehmend kriminalisiert. Es geht um die Meinungsfreiheit gegen einen repressiven Staat.\n\t\t\t\t<\/figcaption><\/figure><figure class='gallery-item'>\n\t\t\t<div class='gallery-icon landscape'>\n\t\t\t\t<a href='https:\/\/www.euroexit.org\/wp-content\/uploads\/2017\/10\/Albert-F-Reiterer.jpg'><img loading=\"lazy\" decoding=\"async\" width=\"150\" height=\"150\" src=\"https:\/\/www.euroexit.org\/wp-content\/uploads\/2017\/10\/Albert-F-Reiterer-150x150.jpg\" class=\"attachment-thumbnail size-thumbnail\" alt=\"Albert F. Reiterer\" aria-describedby=\"gallery-1-1399\" \/><\/a>\n\t\t\t<\/div>\n\t\t\t\t<figcaption class='wp-caption-text gallery-caption' id='gallery-1-1399'>\n\t\t\t\tAlbert F Reiterer, Sozialwissenschaftler: Egalitarismus. Politische Steuerung von Wirtschaft und Gesellschaft. Selbstbestimmung und Demokratie, was neue Institutionen erfordert.\n\t\t\t\t<\/figcaption><\/figure><figure class='gallery-item'>\n\t\t\t<div class='gallery-icon landscape'>\n\t\t\t\t<a href='https:\/\/www.euroexit.org\/wp-content\/uploads\/2017\/10\/Gerald-Oberansmayr.jpg'><img loading=\"lazy\" decoding=\"async\" width=\"150\" height=\"150\" src=\"https:\/\/www.euroexit.org\/wp-content\/uploads\/2017\/10\/Gerald-Oberansmayr-150x150.jpg\" class=\"attachment-thumbnail size-thumbnail\" alt=\"Gerald Oberansmayr\" aria-describedby=\"gallery-1-1398\" \/><\/a>\n\t\t\t<\/div>\n\t\t\t\t<figcaption class='wp-caption-text gallery-caption' id='gallery-1-1398'>\n\t\t\t\tGerald Oberansmayr, Solidarwerkstatt: Die linksliberale Erz\u00e4hlung \u00fcber EU wird immer weniger geglaubt, trotzdem treiben die Institutionen ihr sozialdarwinistisches und militaristisches Projekt weiter.\n\t\t\t\t<\/figcaption><\/figure><figure class='gallery-item'>\n\t\t\t<div class='gallery-icon landscape'>\n\t\t\t\t<a href='https:\/\/www.euroexit.org\/wp-content\/uploads\/2017\/10\/Werner-Murgg.jpg'><img loading=\"lazy\" decoding=\"async\" width=\"150\" height=\"150\" src=\"https:\/\/www.euroexit.org\/wp-content\/uploads\/2017\/10\/Werner-Murgg-150x150.jpg\" class=\"attachment-thumbnail size-thumbnail\" alt=\"Werner Murgg\" aria-describedby=\"gallery-1-1397\" \/><\/a>\n\t\t\t<\/div>\n\t\t\t\t<figcaption class='wp-caption-text gallery-caption' id='gallery-1-1397'>\n\t\t\t\tWerner Murgg, Abgeordneter der KP\u00d6 f\u00fcr den steirischen Landtag: Nationale Souver\u00e4nit\u00e4t um den Sozialstaat wiederaufzubauen und die Neutralit\u00e4t Realit\u00e4t werden zu lassen.\n\t\t\t\t<\/figcaption><\/figure><figure class='gallery-item'>\n\t\t\t<div class='gallery-icon landscape'>\n\t\t\t\t<a href='https:\/\/www.euroexit.org\/wp-content\/uploads\/2017\/10\/Boris-Lechthaler.jpg'><img loading=\"lazy\" decoding=\"async\" width=\"150\" height=\"150\" src=\"https:\/\/www.euroexit.org\/wp-content\/uploads\/2017\/10\/Boris-Lechthaler-150x150.jpg\" class=\"attachment-thumbnail size-thumbnail\" alt=\"Boris Lechthaler\" aria-describedby=\"gallery-1-1396\" \/><\/a>\n\t\t\t<\/div>\n\t\t\t\t<figcaption class='wp-caption-text gallery-caption' id='gallery-1-1396'>\n\t\t\t\tBoris Lechthaler, Solidarwerkstatt: Die FP\u00d6 ist keine gr\u00f6\u00dfere Gefahr als das bestehende EU-Regime, sondern letztlich dessen Teil. Sie ist nicht gegen die EU, sondern gegen \u00d6sterreich.\n\t\t\t\t<\/figcaption><\/figure><figure class='gallery-item'>\n\t\t\t<div class='gallery-icon landscape'>\n\t\t\t\t<a href='https:\/\/www.euroexit.org\/wp-content\/uploads\/2017\/10\/Wilhelm-Langthaler.jpg'><img loading=\"lazy\" decoding=\"async\" width=\"150\" height=\"150\" src=\"https:\/\/www.euroexit.org\/wp-content\/uploads\/2017\/10\/Wilhelm-Langthaler-150x150.jpg\" class=\"attachment-thumbnail size-thumbnail\" alt=\"Wilhelm Langthaler\" aria-describedby=\"gallery-1-1395\" \/><\/a>\n\t\t\t<\/div>\n\t\t\t\t<figcaption class='wp-caption-text gallery-caption' id='gallery-1-1395'>\n\t\t\t\tWilhelm Langthaler (r), Autor und Aktivist: Einen Pol der Volkssouver\u00e4nit\u00e4t, um die sozialen und demokratischen Interessen der Mehrheit durchzusetzen \u2013 auch wenn das den Bruch mit den Eliten bedeutet.\n\t\t\t\t<\/figcaption><\/figure><figure class='gallery-item'>\n\t\t\t<div class='gallery-icon landscape'>\n\t\t\t\t<a href='https:\/\/www.euroexit.org\/wp-content\/uploads\/2017\/10\/Fiona-Kaiser.jpg'><img loading=\"lazy\" decoding=\"async\" width=\"150\" height=\"150\" src=\"https:\/\/www.euroexit.org\/wp-content\/uploads\/2017\/10\/Fiona-Kaiser-150x150.jpg\" class=\"attachment-thumbnail size-thumbnail\" alt=\"Fiona Kaiser\" aria-describedby=\"gallery-1-1394\" \/><\/a>\n\t\t\t<\/div>\n\t\t\t\t<figcaption class='wp-caption-text gallery-caption' id='gallery-1-1394'>\n\t\t\t\tFiona Kaiser, Vorsitzende SJ O\u00d6: Der Weg an die Wahlurne reicht nicht. Wir brauchen soziale Proteste, die Erfolge erlebbar machen.\n\t\t\t\t<\/figcaption><\/figure><figure class='gallery-item'>\n\t\t\t<div class='gallery-icon portrait'>\n\t\t\t\t<a href='https:\/\/www.euroexit.org\/wp-content\/uploads\/2017\/10\/Murat-Guerol.jpg'><img loading=\"lazy\" decoding=\"async\" width=\"150\" height=\"150\" src=\"https:\/\/www.euroexit.org\/wp-content\/uploads\/2017\/10\/Murat-Guerol-150x150.jpg\" class=\"attachment-thumbnail size-thumbnail\" alt=\"Murat Guerol\" aria-describedby=\"gallery-1-1393\" \/><\/a>\n\t\t\t<\/div>\n\t\t\t\t<figcaption class='wp-caption-text gallery-caption' id='gallery-1-1393'>\n\t\t\t\tMurat G\u00fcrol, Aktivist Netzwerk Muslimische Zivilgesellschaft: Nationale Souver\u00e4nit\u00e4t nicht nationalistisch verstehen, sondern Immigranten und Muslime demokratisch einschlie\u00dfen.\n\t\t\t\t<\/figcaption><\/figure><figure class='gallery-item'>\n\t\t\t<div class='gallery-icon landscape'>\n\t\t\t\t<a href='https:\/\/www.euroexit.org\/wp-content\/uploads\/2017\/10\/Imad-Garbaya.jpg'><img loading=\"lazy\" decoding=\"async\" width=\"150\" height=\"150\" src=\"https:\/\/www.euroexit.org\/wp-content\/uploads\/2017\/10\/Imad-Garbaya-150x150.jpg\" class=\"attachment-thumbnail size-thumbnail\" alt=\"Imad Garbaya\" aria-describedby=\"gallery-1-1392\" \/><\/a>\n\t\t\t<\/div>\n\t\t\t\t<figcaption class='wp-caption-text gallery-caption' id='gallery-1-1392'>\n\t\t\t\tImad Garbaya, tunesischer Linksoppositioneller: Diese Weltordnung ist zutiefst ungerecht und Ursache der Flucht- und Migrationsbewegungen \u2013 darum muss das Freihandelsregime weg.\n\t\t\t\t<\/figcaption><\/figure><figure class='gallery-item'>\n\t\t\t<div class='gallery-icon landscape'>\n\t\t\t\t<a href='https:\/\/www.euroexit.org\/wp-content\/uploads\/2017\/10\/Iris-Friedrich.jpg'><img loading=\"lazy\" decoding=\"async\" width=\"150\" height=\"150\" src=\"https:\/\/www.euroexit.org\/wp-content\/uploads\/2017\/10\/Iris-Friedrich-150x150.jpg\" class=\"attachment-thumbnail size-thumbnail\" alt=\"Iris Friedrich\" aria-describedby=\"gallery-1-1391\" \/><\/a>\n\t\t\t<\/div>\n\t\t\t\t<figcaption class='wp-caption-text gallery-caption' id='gallery-1-1391'>\n\t\t\t\tIris Friedrich, AHS-Lehrerin und GILT-Mitarbeiterin: Den \u00f6ffentlichen Appeal der D\u00fcringer-Initiative mit der politischen Festigkeit und Erfahrung dieser Allianz verbinden.\n\t\t\t\t<\/figcaption><\/figure><figure class='gallery-item'>\n\t\t\t<div class='gallery-icon landscape'>\n\t\t\t\t<a href='https:\/\/www.euroexit.org\/wp-content\/uploads\/2017\/10\/Gernot-Bodner.jpg'><img loading=\"lazy\" decoding=\"async\" width=\"150\" height=\"150\" src=\"https:\/\/www.euroexit.org\/wp-content\/uploads\/2017\/10\/Gernot-Bodner-150x150.jpg\" class=\"attachment-thumbnail size-thumbnail\" alt=\"Gernot Bodner\" aria-describedby=\"gallery-1-1390\" \/><\/a>\n\t\t\t<\/div>\n\t\t\t\t<figcaption class='wp-caption-text gallery-caption' id='gallery-1-1390'>\n\t\t\t\tGernot Bodner, Euroexit: Die Stabilit\u00e4t des alten Systems beruhte auf dem Sozialstaat. Dessen schrittweiser Abbau f\u00fchrt zum Verlust von Hegemonie.\n\t\t\t\t<\/figcaption><\/figure><figure class='gallery-item'>\n\t\t\t<div class='gallery-icon landscape'>\n\t\t\t\t<a href='https:\/\/www.euroexit.org\/wp-content\/uploads\/2017\/10\/Stefan-Bartunek.jpg'><img loading=\"lazy\" decoding=\"async\" width=\"150\" height=\"150\" src=\"https:\/\/www.euroexit.org\/wp-content\/uploads\/2017\/10\/Stefan-Bartunek-150x150.jpg\" class=\"attachment-thumbnail size-thumbnail\" alt=\"Stefan Bartunek\" aria-describedby=\"gallery-1-1389\" \/><\/a>\n\t\t\t<\/div>\n\t\t\t\t<figcaption class='wp-caption-text gallery-caption' id='gallery-1-1389'>\n\t\t\t\tStephan Bartunek, Gruppe 42: Nach wie vor diktieren die Leitmedien die Themen \u2013 dem m\u00fcssen wir etwas entgegensetzen.\n\t\t\t\t<\/figcaption><\/figure><figure class='gallery-item'>\n\t\t\t<div class='gallery-icon landscape'>\n\t\t\t\t<a href='https:\/\/www.euroexit.org\/wp-content\/uploads\/2017\/10\/Konzentriert.jpg'><img loading=\"lazy\" decoding=\"async\" width=\"150\" height=\"150\" src=\"https:\/\/www.euroexit.org\/wp-content\/uploads\/2017\/10\/Konzentriert-150x150.jpg\" class=\"attachment-thumbnail size-thumbnail\" alt=\"Konzentriert\" aria-describedby=\"gallery-1-1388\" \/><\/a>\n\t\t\t<\/div>\n\t\t\t\t<figcaption class='wp-caption-text gallery-caption' id='gallery-1-1388'>\n\t\t\t\tVertieft\n\t\t\t\t<\/figcaption><\/figure>\n\t\t<\/div>\n\n<p>Am 30. September 2017 trafen sich in Wien mehrere Dutzend in Betriebs- und Gemeinder\u00e4ten, in Gewerkschaften, politischen Organisationen und Initiativen t\u00e4tige Menschen, um auszuloten, wie eine politische Kraft zur \u00dcberwindung des neoliberalen Regimes in \u00d6sterreich gebildet werden kann. (<a href=\"https:\/\/www.euroexit.org\/index.php\/events\/event\/symposium-demokratisch-sozial-souveraen-neutral\/\">Programm und Aufruf<\/a>)<\/p>\n<p>Ausgangspunkt sind die Begriffe: <strong>demokratisch, sozial, souver\u00e4n und neutral,<\/strong> die auch von einer gro\u00dfen Mehrheit der Menschen in \u00d6sterreich geteilt und getragen werden.<\/p>\n<p>Doch diese wurden und werden durch das herrschende Establishment in eine Politik transformiert, die sich gegen die Interessen der Menschen richtet. Die Ank\u00fcndigung einer Reform gilt heute als Drohung. Die Forderung nach Reformen k\u00fcndigt von weiteren Angriffen auf das Pensions-, Gesundheits- und Bildungssystems. Der Ruf nach Flexibilit\u00e4t soll gewerkschaftliche Rechte weiter unterminieren.<\/p>\n<p>Die Spaltung in Arm und Reich nimmt Ausma\u00dfe an, die man als f\u00fcr endg\u00fcltig \u00fcberwunden gehalten hatte. Die Verschiebung des gesellschaftlichen Verhandlungsspielraums zu den Reichen und nach rechts, zerst\u00f6rt die Sozialdemokratie und andere traditionelle Volksparteien. Exklusive Medienkontrolle, die rotierende Konstruktion falscher Alternativen, entlang derer die Menschen herumgetrieben werden, die \u00dcbertragung der Macht an eine supranationale B\u00fcrokratie sichern die Herrschaft der neoliberalen Eliten. Der neoliberale Umbau der Gesellschaft wird radikalisiert.<\/p>\n<p>Wer dagegen Widerstand leisten will, der bekommt es wie die Griechen mit der EU zu tun, deren Realverfassung der Neoliberalismus ist. Die EU kann auf demokratischem Weg nicht ge\u00e4ndert werden. Die Elitenherrschaft ist in der EU einzementiert: Denn Binnenmarkt und Euro wurden geschaffen, um die demokratischen und solidarischen Errungenschaften der Nachkriegsgesellschaften zu zerschlagen.<\/p>\n<p>Wir wollen dazu beitragen, dass die Mehrheit der Menschen die Gestaltungsmacht \u00fcber Wirtschaft und Gesellschaft wiedergewinnt. Das verstehen wir unter Souver\u00e4nit\u00e4t. Diese Gestaltungsmacht kann sich nur entfalten, wenn sie auf einen konkreten politischen Raum bezogen ist. Deshalb wollen wir die Unabh\u00e4ngigkeit \u00d6sterreichs verteidigen. Die II. Republik ist ein Ergebnis der Niederlage des deutschen Faschismus. Die staatliche Souver\u00e4nit\u00e4t bedeutet f\u00fcr die Mehrheit der Menschen soziale Gerechtigkeit nach innen und Neutralit\u00e4t nach au\u00dfen. Sie schlie\u00dft alle Menschen, die in \u00d6sterreich leben, mit ein. Sie hat nichts zu tun mit dem von der rechten FP\u00d6 betriebenen deutscht\u00fcmelnden Chauvinismus.<\/p>\n<p>Die TeilnehmerInnen am Symposium verst\u00e4ndigten sich darauf, eine Plattform, einen Pol bilden zu wollen, der Interessen und Haltungen jener Menschen artikuliert und h\u00f6rbar macht, die nach der Implosion der Volksparteien im politischen Betrieb keine Stimme mehr haben. In diesem Sinne wollen wir handlungsf\u00e4hig werden.<\/p>\n<p>&nbsp;<\/p>\n<p>***<\/p>\n<p><em>Bilder von Fernando Romero-Forsthuber (romerofor@yahoo.com). Dank auch an Gerhart Scholz, der die <a href=\"http:\/\/www.ausstellungsraum.at\">R\u00e4umlichkeit<\/a> zur Verf\u00fcgung stellte.<\/em><\/p>\n","protected":false},"excerpt":{"rendered":"<p>Ein handlungsf\u00e4higer Pol f\u00fcr eine solidarische, demokratische und \u00f6kologische Wende Wer von der EU nicht reden will, der soll auch &hellip; <a href=\"https:\/\/www.euroexit.org\/index.php\/demokratisch-sozial-souveraen-neutral-symposium\/\" class=\"more-link\"><span class=\"screen-reader-text\">\u201eDemokratisch &#8211; Sozial &#8211; Souver\u00e4n &#8211; Neutral: Symposium\u201c <\/span>weiterlesen<\/a><\/p>\n","protected":false},"author":2,"featured_media":0,"parent":0,"menu_order":0,"comment_status":"closed","ping_status":"closed","template":"","meta":{"advgb_blocks_editor_width":"","advgb_blocks_columns_visual_guide":"","footnotes":""},"class_list":["post-1362","page","type-page","status-publish","hentry"],"coauthors":[],"author_meta":{"author_link":"https:\/\/www.euroexit.org\/index.php\/author\/wilhelm\/","display_name":"Wilhelm Langthaler"},"relative_dates":{"created":"Ver\u00f6ffentlicht 9\u00a0Jahren vor","modified":"Aktualisiert 9\u00a0Jahren vor"},"absolute_dates":{"created":"Ver\u00f6ffentlicht am 2. Oktober 2017","modified":"Aktualisiert am 4. Oktober 2017"},"absolute_dates_time":{"created":"Ver\u00f6ffentlicht am 2. Oktober 2017 22:58","modified":"Aktualisiert am 4. Oktober 2017 20:39"},"featured_img_caption":"","featured_img":false,"series_order":"","_links":{"self":[{"href":"https:\/\/www.euroexit.org\/index.php\/wp-json\/wp\/v2\/pages\/1362"}],"collection":[{"href":"https:\/\/www.euroexit.org\/index.php\/wp-json\/wp\/v2\/pages"}],"about":[{"href":"https:\/\/www.euroexit.org\/index.php\/wp-json\/wp\/v2\/types\/page"}],"author":[{"embeddable":true,"href":"https:\/\/www.euroexit.org\/index.php\/wp-json\/wp\/v2\/users\/2"}],"replies":[{"embeddable":true,"href":"https:\/\/www.euroexit.org\/index.php\/wp-json\/wp\/v2\/comments?post=1362"}],"version-history":[{"count":0,"href":"https:\/\/www.euroexit.org\/index.php\/wp-json\/wp\/v2\/pages\/1362\/revisions"}],"wp:attachment":[{"href":"https:\/\/www.euroexit.org\/index.php\/wp-json\/wp\/v2\/media?parent=1362"}],"curies":[{"name":"wp","href":"https:\/\/api.w.org\/{rel}","templated":true}]}}