{"id":1499,"date":"2017-12-13T15:39:43","date_gmt":"2017-12-13T14:39:43","guid":{"rendered":"http:\/\/www.euroexit.org\/?page_id=1499"},"modified":"2019-11-06T18:41:45","modified_gmt":"2019-11-06T17:41:45","slug":"gegen-die-eu-militarisierung-ssz","status":"publish","type":"page","link":"https:\/\/www.euroexit.org\/index.php\/gegen-die-eu-militarisierung-ssz\/","title":{"rendered":"Gegen die EU-Militarisierung SSZ"},"content":{"rendered":"\n<ul class=\"wp-block-gallery columns-3 is-cropped\"><li class=\"blocks-gallery-item\"><figure><img loading=\"lazy\" width=\"1024\" height=\"574\" src=\"https:\/\/www.euroexit.org\/wp-content\/uploads\/2017\/12\/nein_ssz_parl_wien_helden_mit-1024x574.png\" alt=\"\" data-id=\"1500\" data-link=\"https:\/\/www.euroexit.org\/index.php\/gegen-die-eu-militarisierung-ssz\/nein_ssz_parl_wien_helden_mit\/\" class=\"wp-image-1500\" srcset=\"https:\/\/www.euroexit.org\/wp-content\/uploads\/2017\/12\/nein_ssz_parl_wien_helden_mit-1024x574.png 1024w, https:\/\/www.euroexit.org\/wp-content\/uploads\/2017\/12\/nein_ssz_parl_wien_helden_mit-300x168.png 300w, https:\/\/www.euroexit.org\/wp-content\/uploads\/2017\/12\/nein_ssz_parl_wien_helden_mit-768x431.png 768w, https:\/\/www.euroexit.org\/wp-content\/uploads\/2017\/12\/nein_ssz_parl_wien_helden_mit-1200x673.png 1200w, https:\/\/www.euroexit.org\/wp-content\/uploads\/2017\/12\/nein_ssz_parl_wien_helden_mit.png 1400w\" sizes=\"(max-width: 709px) 85vw, (max-width: 909px) 67vw, (max-width: 1362px) 62vw, 840px\" \/><figcaption>Vor der Parlamentsbaracke am Wiener Heldenplatz<\/figcaption><\/figure><\/li><li class=\"blocks-gallery-item\"><figure><img loading=\"lazy\" width=\"1024\" height=\"575\" src=\"https:\/\/www.euroexit.org\/wp-content\/uploads\/2017\/12\/nein_ssz_parl_wien_ohne-1024x575.png\" alt=\"\" data-id=\"1502\" data-link=\"https:\/\/www.euroexit.org\/index.php\/gegen-die-eu-militarisierung-ssz\/nein_ssz_parl_wien_ohne\/\" class=\"wp-image-1502\" srcset=\"https:\/\/www.euroexit.org\/wp-content\/uploads\/2017\/12\/nein_ssz_parl_wien_ohne-1024x575.png 1024w, https:\/\/www.euroexit.org\/wp-content\/uploads\/2017\/12\/nein_ssz_parl_wien_ohne-300x168.png 300w, https:\/\/www.euroexit.org\/wp-content\/uploads\/2017\/12\/nein_ssz_parl_wien_ohne-768x431.png 768w, https:\/\/www.euroexit.org\/wp-content\/uploads\/2017\/12\/nein_ssz_parl_wien_ohne-1200x674.png 1200w, https:\/\/www.euroexit.org\/wp-content\/uploads\/2017\/12\/nein_ssz_parl_wien_ohne.png 1400w\" sizes=\"(max-width: 709px) 85vw, (max-width: 909px) 67vw, (max-width: 1362px) 62vw, 840px\" \/><figcaption>Heldenplatz<\/figcaption><\/figure><\/li><li class=\"blocks-gallery-item\"><figure><img loading=\"lazy\" width=\"1024\" height=\"576\" src=\"https:\/\/www.euroexit.org\/wp-content\/uploads\/2017\/12\/nein_ssz_parl_wien_joseph-1024x576.png\" alt=\"\" data-id=\"1501\" data-link=\"https:\/\/www.euroexit.org\/index.php\/gegen-die-eu-militarisierung-ssz\/nein_ssz_parl_wien_joseph\/\" class=\"wp-image-1501\" srcset=\"https:\/\/www.euroexit.org\/wp-content\/uploads\/2017\/12\/nein_ssz_parl_wien_joseph-1024x576.png 1024w, https:\/\/www.euroexit.org\/wp-content\/uploads\/2017\/12\/nein_ssz_parl_wien_joseph-300x169.png 300w, https:\/\/www.euroexit.org\/wp-content\/uploads\/2017\/12\/nein_ssz_parl_wien_joseph-768x432.png 768w, https:\/\/www.euroexit.org\/wp-content\/uploads\/2017\/12\/nein_ssz_parl_wien_joseph-1200x675.png 1200w, https:\/\/www.euroexit.org\/wp-content\/uploads\/2017\/12\/nein_ssz_parl_wien_joseph.png 1400w\" sizes=\"(max-width: 709px) 85vw, (max-width: 909px) 67vw, (max-width: 1362px) 62vw, 840px\" \/><figcaption>Vor dem provisorischen Plenarsaal des Parlaments am Josephsplatz<\/figcaption><\/figure><\/li><li class=\"blocks-gallery-item\"><figure><img loading=\"lazy\" width=\"960\" height=\"540\" src=\"https:\/\/www.euroexit.org\/wp-content\/uploads\/2017\/12\/SSZ_Aktion_Wien_Parlament_alt.jpg\" alt=\"\" data-id=\"1506\" data-link=\"https:\/\/www.euroexit.org\/index.php\/gegen-die-eu-militarisierung-ssz\/ssz_aktion_wien_parlament_alt\/\" class=\"wp-image-1506\" srcset=\"https:\/\/www.euroexit.org\/wp-content\/uploads\/2017\/12\/SSZ_Aktion_Wien_Parlament_alt.jpg 960w, https:\/\/www.euroexit.org\/wp-content\/uploads\/2017\/12\/SSZ_Aktion_Wien_Parlament_alt-300x169.jpg 300w, https:\/\/www.euroexit.org\/wp-content\/uploads\/2017\/12\/SSZ_Aktion_Wien_Parlament_alt-768x432.jpg 768w\" sizes=\"(max-width: 709px) 85vw, (max-width: 909px) 67vw, (max-width: 1362px) 62vw, 840px\" \/><figcaption>Vor dem Parlament<\/figcaption><\/figure><\/li><li class=\"blocks-gallery-item\"><figure><img loading=\"lazy\" width=\"576\" height=\"1024\" src=\"https:\/\/www.euroexit.org\/wp-content\/uploads\/2017\/12\/SSZ_Aktion_Bruck-2-576x1024.jpg\" alt=\"\" data-id=\"1503\" data-link=\"https:\/\/www.euroexit.org\/index.php\/gegen-die-eu-militarisierung-ssz\/ssz_aktion_bruck-2\/\" class=\"wp-image-1503\"\/><figcaption>Rathaus Bruck an der Mur<\/figcaption><\/figure><\/li><li class=\"blocks-gallery-item\"><figure><img loading=\"lazy\" width=\"1024\" height=\"576\" src=\"https:\/\/www.euroexit.org\/wp-content\/uploads\/2017\/12\/SSZ_Aktion_Leoben_bruecke-1024x576.jpg\" alt=\"\" data-id=\"1504\" data-link=\"https:\/\/www.euroexit.org\/index.php\/gegen-die-eu-militarisierung-ssz\/ssz_aktion_leoben_bruecke\/\" class=\"wp-image-1504\"\/><figcaption>Auf der Murbr\u00fccke in Leoben<\/figcaption><\/figure><\/li><li class=\"blocks-gallery-item\"><figure><img loading=\"lazy\" width=\"464\" height=\"310\" src=\"https:\/\/www.euroexit.org\/wp-content\/uploads\/2017\/12\/SSZ_Aktion_Linz_Wist_2.jpg\" alt=\"\" data-id=\"1505\" data-link=\"https:\/\/www.euroexit.org\/index.php\/gegen-die-eu-militarisierung-ssz\/ssz_aktion_linz_wist_2\/\" class=\"wp-image-1505\" srcset=\"https:\/\/www.euroexit.org\/wp-content\/uploads\/2017\/12\/SSZ_Aktion_Linz_Wist_2.jpg 464w, https:\/\/www.euroexit.org\/wp-content\/uploads\/2017\/12\/SSZ_Aktion_Linz_Wist_2-300x200.jpg 300w\" sizes=\"(max-width: 464px) 85vw, 464px\" \/><figcaption>Auf einem Linzer Hochhaus<\/figcaption><\/figure><\/li><li class=\"blocks-gallery-item\"><figure><img loading=\"lazy\" width=\"643\" height=\"431\" src=\"https:\/\/www.euroexit.org\/wp-content\/uploads\/2017\/12\/SSZ_Lentos_Linz.jpg\" alt=\"\" data-id=\"1507\" data-link=\"https:\/\/www.euroexit.org\/index.php\/gegen-die-eu-militarisierung-ssz\/ssz_lentos_linz\/\" class=\"wp-image-1507\" srcset=\"https:\/\/www.euroexit.org\/wp-content\/uploads\/2017\/12\/SSZ_Lentos_Linz.jpg 643w, https:\/\/www.euroexit.org\/wp-content\/uploads\/2017\/12\/SSZ_Lentos_Linz-300x201.jpg 300w\" sizes=\"(max-width: 643px) 85vw, 643px\" \/><figcaption>Beim Lentos-Museum in Linz<\/figcaption><\/figure><\/li><li class=\"blocks-gallery-item\"><figure><img loading=\"lazy\" width=\"768\" height=\"1024\" src=\"https:\/\/www.euroexit.org\/wp-content\/uploads\/2017\/12\/ssz_mahue_1-768x1024.jpg\" alt=\"\" data-id=\"1508\" data-link=\"https:\/\/www.euroexit.org\/index.php\/gegen-die-eu-militarisierung-ssz\/ssz_mahue_1\/\" class=\"wp-image-1508\" srcset=\"https:\/\/www.euroexit.org\/wp-content\/uploads\/2017\/12\/ssz_mahue_1-768x1024.jpg 768w, https:\/\/www.euroexit.org\/wp-content\/uploads\/2017\/12\/ssz_mahue_1-225x300.jpg 225w, https:\/\/www.euroexit.org\/wp-content\/uploads\/2017\/12\/ssz_mahue_1.jpg 1050w\" sizes=\"(max-width: 768px) 85vw, 768px\" \/><figcaption>Wien MQ Mariahilfer Stra\u00dfe<\/figcaption><\/figure><\/li><li class=\"blocks-gallery-item\"><figure><img loading=\"lazy\" width=\"1024\" height=\"768\" src=\"https:\/\/www.euroexit.org\/wp-content\/uploads\/2017\/12\/ssz_mahue_2-1024x768.jpg\" alt=\"\" data-id=\"1509\" data-link=\"https:\/\/www.euroexit.org\/index.php\/gegen-die-eu-militarisierung-ssz\/ssz_mahue_2\/\" class=\"wp-image-1509\" srcset=\"https:\/\/www.euroexit.org\/wp-content\/uploads\/2017\/12\/ssz_mahue_2-1024x768.jpg 1024w, https:\/\/www.euroexit.org\/wp-content\/uploads\/2017\/12\/ssz_mahue_2-300x225.jpg 300w, https:\/\/www.euroexit.org\/wp-content\/uploads\/2017\/12\/ssz_mahue_2-768x576.jpg 768w, https:\/\/www.euroexit.org\/wp-content\/uploads\/2017\/12\/ssz_mahue_2-1200x900.jpg 1200w, https:\/\/www.euroexit.org\/wp-content\/uploads\/2017\/12\/ssz_mahue_2.jpg 1400w\" sizes=\"(max-width: 709px) 85vw, (max-width: 909px) 67vw, (max-width: 1362px) 62vw, 840px\" \/><figcaption>Wien MQ Mariahilfer Stra\u00dfe<\/figcaption><\/figure><\/li><li class=\"blocks-gallery-item\"><figure><img loading=\"lazy\" width=\"1024\" height=\"576\" src=\"https:\/\/www.euroexit.org\/wp-content\/uploads\/2017\/12\/ssz_graz_tny-1024x576.jpg\" alt=\"\" data-id=\"1491\" data-link=\"https:\/\/www.euroexit.org\/index.php\/events\/event\/keine-teilnahme-an-der-eu-militarisierung-ssz\/ssz_graz_tny\/\" class=\"wp-image-1491\" srcset=\"https:\/\/www.euroexit.org\/wp-content\/uploads\/2017\/12\/ssz_graz_tny-1024x576.jpg 1024w, https:\/\/www.euroexit.org\/wp-content\/uploads\/2017\/12\/ssz_graz_tny-300x169.jpg 300w, https:\/\/www.euroexit.org\/wp-content\/uploads\/2017\/12\/ssz_graz_tny-768x432.jpg 768w, https:\/\/www.euroexit.org\/wp-content\/uploads\/2017\/12\/ssz_graz_tny-1200x675.jpg 1200w, https:\/\/www.euroexit.org\/wp-content\/uploads\/2017\/12\/ssz_graz_tny.jpg 1400w\" sizes=\"(max-width: 709px) 85vw, (max-width: 909px) 67vw, (max-width: 1362px) 62vw, 840px\" \/><figcaption>Uhrturm Graz<\/figcaption><\/figure><\/li><\/ul>\n\n\n\n<h6>Keine Teilnahme an der EU-Militarisierung (SSZ)<\/h6>\n\n\n\n<h6>Verteidigung der Neutralit\u00e4t gegen Schwarz-Rot-Blau-Gr\u00fcn<\/h6>\n\n\n\n<p>Vor kurzem hat VP-Au\u00dfenminister und Bundeskanzler in spe Kurz den EU-Vertrag f\u00fcr die \u201eSt\u00e4ndige Strukturierte Zusammenarbeit\u201c (SSZ oder PESCO) unterschrieben. Das war nur mit Zustimmung der SP, des alten Kanzlers Kern sowie des Verteidigungsministers Doskozil m\u00f6glich.<\/p>\n\n\n\n<p>Die EU will unter deutsch-franz\u00f6sischer F\u00fchrung damit das Einstimmigkeitsprinzip in milit\u00e4rpolitischen Fragen unterlaufen. Es geht um die Bildung eines milit\u00e4rischen Kerns der EU mit der Verpflichtung zur:<\/p>\n\n\n\n<ul><li>st\u00e4ndigen Erh\u00f6hung des R\u00fcstungsetats auf 2% des BIP (mehr als eine Verdreifachung; Schwarzblau hat vorerst eine Aufstockung um 1,3 Mrd. angek\u00fcndigt), w\u00e4hrend die K\u00fcrzungen (vor allem bei den Sozialausgaben) sich auf \u00fcber 12 Mrd. belaufen sollen.<\/li><li>Bereitstellung von Truppen f\u00fcr Auslandseins\u00e4tze, die mit diversen Tarnungen imperialistische Interessen verfolgen.<\/li><li>Konzentrierung der R\u00fcstungsindustrie, so dass freie Bahn f\u00fcr die Bildung eines milit\u00e4risch-industriellen Komplexes gemacht wird.<\/li><\/ul>\n\n\n\n<p>Das widerspricht in eklatanter Weise der verfassungsm\u00e4\u00dfigen Neutralit\u00e4t, die bereits durch den EU-Beitritt schwer besch\u00e4digt wurde. Gegen den Willen der Mehrheit wollen die Herrschenden den Inhalt der Neutralit\u00e4t m\u00f6glichst unbemerkt ganz entsorgen. Dabei sind sich Schwarz, Rot, Blau, Gr\u00fcn, Pink und Pilz trotz anderslautender Beteuerungen einig.<\/p>\n\n\n\n<p>Die Nutzanwendung diese Schritte zur Militarisierung f\u00fcr die Eliten sind vielf\u00e4ltig. Beispielsweise drohen:<\/p>\n\n\n\n<ul><li>Die Beteiligung an der Mobilisierung gegen Russland. Die Nato w\u00fcnscht die schnelle und reibungslose Bewegung von Truppen durch die EU an die Ostgrenze, unter anderem durch \u00d6sterreich.<\/li><li>Die milit\u00e4rische Stabilisierung eines prowestlichen Regimes in Libyen, das zuvor unter Federf\u00fchrung von Frankreich und England Land bombardiert und destablisiert wurde.<\/li><li>Beteiligung an diversen sp\u00e4tkolonialen Abenteuern Frankreichs in seinem afrikanischen Hinterhof.<\/li><\/ul>\n\n\n\n<h6>Ja zur Neutralit\u00e4t!<\/h6>\n\n\n\n<h6>Schluss mit allen \u00f6sterreichischen milit\u00e4rischen Auslandseins\u00e4tzen!<\/h6>\n\n\n\n<h6>Nein zur EU-SSZ!<\/h6>\n","protected":false},"excerpt":{"rendered":"<p>Keine Teilnahme an der EU-Militarisierung (SSZ) Verteidigung der Neutralit\u00e4t gegen Schwarz-Rot-Blau-Gr\u00fcn Vor kurzem hat VP-Au\u00dfenminister und Bundeskanzler in spe Kurz &hellip; <a href=\"https:\/\/www.euroexit.org\/index.php\/gegen-die-eu-militarisierung-ssz\/\" class=\"more-link\"><span class=\"screen-reader-text\">\u201eGegen die EU-Militarisierung SSZ\u201c <\/span>weiterlesen<\/a><\/p>\n","protected":false},"author":2,"featured_media":0,"parent":0,"menu_order":0,"comment_status":"closed","ping_status":"closed","template":"","meta":{"advgb_blocks_editor_width":"","advgb_blocks_columns_visual_guide":""},"coauthors":[],"author_meta":{"author_link":"https:\/\/www.euroexit.org\/index.php\/author\/wilhelm\/","display_name":"Wilhelm Langthaler"},"relative_dates":{"created":"Posted 8 Jahren ago","modified":"Updated 6 Jahren ago"},"absolute_dates":{"created":"Posted on 13. Dezember 2017","modified":"Updated on 6. November 2019"},"absolute_dates_time":{"created":"Posted on 13. Dezember 2017 15:39","modified":"Updated on 6. November 2019 18:41"},"featured_img_caption":"","featured_img":false,"series_order":"","_links":{"self":[{"href":"https:\/\/www.euroexit.org\/index.php\/wp-json\/wp\/v2\/pages\/1499"}],"collection":[{"href":"https:\/\/www.euroexit.org\/index.php\/wp-json\/wp\/v2\/pages"}],"about":[{"href":"https:\/\/www.euroexit.org\/index.php\/wp-json\/wp\/v2\/types\/page"}],"author":[{"embeddable":true,"href":"https:\/\/www.euroexit.org\/index.php\/wp-json\/wp\/v2\/users\/2"}],"replies":[{"embeddable":true,"href":"https:\/\/www.euroexit.org\/index.php\/wp-json\/wp\/v2\/comments?post=1499"}],"version-history":[{"count":3,"href":"https:\/\/www.euroexit.org\/index.php\/wp-json\/wp\/v2\/pages\/1499\/revisions"}],"predecessor-version":[{"id":2248,"href":"https:\/\/www.euroexit.org\/index.php\/wp-json\/wp\/v2\/pages\/1499\/revisions\/2248"}],"wp:attachment":[{"href":"https:\/\/www.euroexit.org\/index.php\/wp-json\/wp\/v2\/media?parent=1499"}],"curies":[{"name":"wp","href":"https:\/\/api.w.org\/{rel}","templated":true}]}}