{"id":1702,"date":"2018-07-18T21:29:10","date_gmt":"2018-07-18T19:29:10","guid":{"rendered":"http:\/\/www.euroexit.org\/?page_id=1702"},"modified":"2018-07-18T21:30:51","modified_gmt":"2018-07-18T19:30:51","slug":"impressum","status":"publish","type":"page","link":"https:\/\/www.euroexit.org\/index.php\/kontakt\/impressum\/","title":{"rendered":"Impressum"},"content":{"rendered":"<p>Offenlegung gem\u00e4\u00df \u00a725 Mediengesetz:<\/p>\n<p>&nbsp;<\/p>\n<p>Kontakt: personenkomitee@euroexit.org<\/p>\n<p>Impressum: Wilhelm Langthaler, Stuwerstr 31, 1020 Wien<\/p>\n<p>&nbsp;<\/p>\n<p>Haftungsausschluss:<\/p>\n<p>Namentlich gekennzeichnete Beitr\u00e4ge m\u00fcssen nicht unbedingt der Meinung der Herausgeber oder der Redaktion entsprechen. Trotz sorgf\u00e4ltiger inhaltlicher Kontrolle \u00fcbernehmen wir keine Haftung f\u00fcr die Inhalte externer Links. F\u00fcr den Inhalt der verlinkten Seiten sind ausschlie\u00dflich deren BetreiberInnen verantwortlich.<\/p>\n<p>&nbsp;<\/p>\n<h3>Datenschutz<\/h3>\n<p>Die Betreiber dieser Seiten nehmen den Schutz Ihrer pers\u00f6nlichen Daten sehr ernst. Wir behandeln Ihre personenbezogenen Daten vertraulich und entsprechend der gesetzlichen Datenschutzvorschriften sowie dieser Datenschutzerkl\u00e4rung.<\/p>\n<p>Die Nutzung unserer Webseite ist in der Regel ohne Angabe personenbezogener Daten m\u00f6glich. Soweit auf unseren Seiten mit dem Kontaktformular oder der Newsletteranmeldung personenbezogene Daten (Name oder E-Mail-Adressen) erhoben werden, erfolgt dies stets auf freiwilliger Basis. Diese Daten werden ohne Ihre ausdr\u00fcckliche Zustimmung nicht an Dritte weitergegeben.<\/p>\n<p>Wir weisen darauf hin, dass die Daten\u00fcbertragung im Internet (z.B. bei der Kommunikation per E-Mail) Sicherheitsl\u00fccken aufweisen kann. Ein l\u00fcckenloser Schutz der Daten vor dem Zugriff durch Dritte ist nicht m\u00f6glich.<\/p>\n<p><strong>Cookies<\/strong><br \/>\nDie Internetseiten verwenden teilweise so genannte Cookies. Cookies richten auf Ihrem Rechner keinen Schaden an und enthalten keine Viren. Cookies dienen dazu, unser Angebot nutzerfreundlicher, effektiver und sicherer zu machen. Cookies sind kleine Textdateien, die auf Ihrem Rechner abgelegt werden und die Ihr Browser speichert.<\/p>\n<p>Die meisten der von uns verwendeten Cookies sind so genannte &#8222;Session-Cookies&#8220;. Sie werden nach Ende Ihres Besuchs automatisch gel\u00f6scht. Andere Cookies bleiben auf Ihrem Endger\u00e4t gespeichert, bis Sie diese l\u00f6schen. Diese Cookies erm\u00f6glichen es uns, Ihren Browser beim n\u00e4chsten Besuch wiederzuerkennen.<\/p>\n<p>Sie k\u00f6nnen Ihren Browser so einstellen, dass Sie \u00fcber das Setzen von Cookies informiert werden und Cookies nur im Einzelfall erlauben, die Annahme von Cookies f\u00fcr bestimmte F\u00e4lle oder generell ausschlie\u00dfen sowie das automatische L\u00f6schen der Cookies beim Schlie\u00dfen des Browser aktivieren. Bei der Deaktivierung von Cookies kann die Funktionalit\u00e4t dieser Website eingeschr\u00e4nkt sein.<\/p>\n<p><strong>Server-Log-Files<\/strong><br \/>\nDer Provider der Seiten erhebt und speichert automatisch Informationen in so genannten Server-Log Files, die Ihr Browser automatisch an uns \u00fcbermittelt. Dies sind:<br \/>\n\u2022 Browsertyp und Browserversion<br \/>\n\u2022 verwendetes Betriebssystem<br \/>\n\u2022 Referrer URL<br \/>\n\u2022 Hostname des zugreifenden Rechners<br \/>\n\u2022 Uhrzeit der Serveranfrage<br \/>\nDiese Daten sind nicht bestimmten Personen zuordbar. Aus Gr\u00fcnden der technischen Sicherheit, insbesondere zur Abwehr von Angriffsversuchen auf unseren Webserver, werden diese Daten von uns kurzzeitig gespeichert. Eine Zusammenf\u00fchrung dieser Daten mit anderen Datenquellen wird nicht vorgenommen! Wir behalten uns vor, diese Daten nachtr\u00e4glich zu pr\u00fcfen, wenn konkrete Anhaltspunkte f\u00fcr eine rechtswidrige Nutzung bekannt werden.<\/p>\n<p><strong>Erhebung weiterer Daten<\/strong><br \/>\nSofern Sie die angebotenen Formulare bzw. anderweitige Arten zur Kontaktaufnahme nicht nutzen, findet keine dar\u00fcber hinausgehende Datenerhebung statt. Soweit Sie ein von uns angebotenes Webformular nutzen und uns darin personenbezogene Daten mitteilen bzw. Sie sich per E-Mail an uns wenden, werden wir Ihre personenbezogenen Daten allein zum Zweck der Bearbeitung Ihrer Anfrage bzw. Beschwerde erheben, verarbeiten und nutzen.<\/p>\n<p><strong>Kontaktformular<\/strong><br \/>\nWenn Sie uns per Kontaktformular Anfragen zukommen lassen, werden Ihre Angaben aus dem Anfrageformular inklusive der von Ihnen dort angegebenen Kontaktdaten zwecks Bearbeitung der Anfrage und f\u00fcr den Fall von Anschlussfragen bei uns gespeichert. Diese Daten geben wir nicht ohne Ihre Einwilligung weiter.<\/p>\n<p><strong>Youtube<\/strong><br \/>\nWir binden die Videos der Plattform \u201cYouTube\u201d des Anbieters Google LLC, 1600 Amphitheatre Parkway, Mountain View, CA 94043, USA, ein. Datenschutzerkl\u00e4rung: https:\/\/www.google.com\/policies\/privacy\/, Opt-Out: https:\/\/adssettings.google.com\/authenticated.<\/p>\n<p>Wir verwenden auf unseren Seiten Social-Media-Buttons mit Datenschutz des c&#8217;t Projekts Shariff. Im Gegensatz zu herk\u00f6mmlichen Social Media Buttons, die bereits bei einem Aufruf der Seite Daten \u00fcbermitteln, stellt ein Shariff-Button den direkten Kontakt zwischen Social Network und Besucher erst dann her, wenn letzterer aktiv auf den Share-Button klickt.<\/p>\n<p><strong>Facebook<\/strong><br \/>\nUnsere Website nutzt Plugins von Facebook, 1601 South California Avenue, Palo Alto, CA 94304, USA.<\/p>\n<p>Wenn Sie eine Seite auf unserer Website eines der Social-Plugins nutzten, stellt das Facebook-Plugin zwischen Ihrem Internetbrowser und den Servern von Facebook eine unmittelbare Verbindung her. Der Inhalt des Plugins wird von Facebook direkt an das Ger\u00e4t des Nutzers \u00dcbermittelt und von diesem in das Onlineangebot eingebunden. Auf diesem Weg wird Facebook dar\u00fcber informiert, dass mit Ihrer IP-Adresse unsere Internetseite besucht wurde. Wenn Sie bei Facebook eingeloggt sein sollten, k\u00f6nnen Sie mittels der &#8222;Teilen- und Gef\u00e4llt-mir-Buttons&#8220; den entsprechenden Inhalt, der sich auf unserer Internetseite befindet, in Ihrem Profil bei Facebook verlinken. Es ist Facebook dann m\u00f6glich, Ihren Besuch unserer Internetseite Ihrem Facebook-Account zuzuordnen. Wir, als Anbieter unserer Internetseite, werden von Facebook nicht \u00fcber den Inhalt der \u00fcbertragenen Daten beziehungsweise der Datennutzung informiert. Unter folgendem Link erfahren Sie mehr \u00fcber die Datenschutzrichtlininen bei Facebook: http:\/\/de-de.facebook.com\/policy.php.<\/p>\n<p>Wenn Sie, als Facebook-Mitglied, nicht m\u00f6chten, dass Facebook \u00fcber unsere Internetseite Daten \u00fcber Sie \u00fcbermittelt bekommt und mit Ihren Mitgliedsdaten verbindet, so sollten Sie sich, bevor Sie unsere Internetseite aufrufen, bei Facebook ausloggen und entsprechend gesetzte Cookies l\u00f6schen.<\/p>\n<p><strong>Reichweitenmessung mit Matomo<\/strong><br \/>\nIm Rahmen der Reichweitenanalyse von Matomo werden auf Grundlage unserer berechtigten Interessen (d.h. Interesse an der Analyse und Optimierung unserer Onlinepr\u00e4senz im Sinne des Art. 6 Abs. 1 lit. f. DSGVO) die folgenden Daten verarbeitet: der von Ihnen verwendete Browsertyp und die Browserversion, das von Ihnen verwendete Betriebssystem, Ihr Herkunftsland, Datum und Uhrzeit der Serveranfrage, die Anzahl der Besuche, Ihre Verweildauer auf der Website sowie die von Ihnen bet\u00e4tigten externen Links. Die IP-Adresse der Nutzer wird anonymisiert, bevor sie gespeichert wird.<\/p>\n<p>Matomo verwendet Cookies, die auf dem Computer der Nutzer gespeichert werden und die eine Analyse der Benutzung unserer Onlinepr\u00e4senz durch die Nutzer erm\u00f6glichen. Dabei k\u00f6nnen aus den verarbeiteten Daten pseudonyme Nutzungsprofile der Nutzer erstellt werden. Die Cookies haben eine Speicherdauer von einer Woche. Die durch das Cookie erzeugten Informationen \u00fcber Ihre Benutzung dieser Webseite werden nur auf unserem Server gespeichert und nicht an Dritte weitergegeben.<\/p>\n<p>Wir haben Matomo so konfiguriert, dass Mamoto Besuche nicht tracken wird, wenn Sie in ihrem Browser &#8222;Ich m\u00f6chte nicht getrackt werden&#8220; eingestellt haben (Do-not-Track aktiviert).<\/p>\n<p><strong>Newsletter<\/strong><br \/>\nMit den nachfolgenden Hinweisen informieren wir Sie \u00fcber die Inhalte unseres Newsletters sowie das Anmelde- und Versandverfahren sowie Ihre Widerspruchsrechte. Indem Sie unseren Newsletter abonnieren, erkl\u00e4ren Sie sich mit dem Empfang und den beschriebenen Verfahren einverstanden.<\/p>\n<p>Wir versenden Newsletter, E-Mails und weitere elektronische Benachrichtigungen nur mit der Einwilligung der Empf\u00e4nger oder einer gesetzlichen Erlaubnis.<\/p>\n<p>Die Anmeldung zu unserem Newsletter erfolgt in einem sog. Double-Opt-In-Verfahren. D.h. Sie erhalten nach der Anmeldung eine E-Mail, in der Sie um die Best\u00e4tigung Ihrer Anmeldung gebeten werden. Diese Best\u00e4tigung ist notwendig, damit sich niemand mit fremden E-Mail-Adressen anmelden kann. Die Anmeldungen zum Newsletter werden protokolliert, um den Anmeldeprozess entsprechend den rechtlichen Anforderungen nachweisen zu k\u00f6nnen. Hierzu geh\u00f6rt die Speicherung des Anmelde- und des Best\u00e4tigungszeitpunkts, als auch die E-Mail-Adresse.<\/p>\n<p>Um sich f\u00fcr den Newsletter anzumelden, reicht es aus, wenn Sie Ihre E-Mailadresse angeben.<\/p>\n<p>Sie k\u00f6nnen den Empfang unseres Newsletters jederzeit k\u00fcndigen, d.h. Ihre Einwilligungen widerrufen. Einen Link zur K\u00fcndigung des Newsletters finden Sie am Ende eines jeden Newsletters.<\/p>\n<h3>Ihre Rechte<\/h3>\n<p><strong>Widerrufsrecht<\/strong><br \/>\nSie haben das Recht, eine durch Sie erteilte Einwilligung in die Verarbeitung personenbezogener Daten mit Wirkung f\u00fcr die Zukunft jederzeit zu widerrufen.<\/p>\n<p><strong>Auskunftsrecht<\/strong><br \/>\nSie haben das Recht, Auskunft \u00fcber die zu Ihrer Person oder zu Ihrem Pseudonym gespeicherten Daten zu verlangen. Auf Ihr Verlangen kann die Auskunft auch elektronisch erteilt werden. Sp\u00e4testens nach einem Monat werden wir Ihnen Ihre Informationen zukommen lassen, in begr\u00fcndeten F\u00e4llen k\u00f6nnten wir jedoch auch mehr Zeit ben\u00f6tigen.<\/p>\n<p><strong>Recht auf Berichtigung, L\u00f6schung, oder Sperrung<\/strong><br \/>\nSie haben das Recht, die Berichtigung, L\u00f6schung oder Sperrung der zu Ihnen gespeicherten personenbezogenen Daten zu verlangen. Sollten gesetzliche Vorschriften eine L\u00f6schung nicht zulassen, werden Ihre Daten stattdessen gesperrt, so dass sie nur noch zum Zwecke der zwingenden gesetzlichen Vorschriften zug\u00e4nglich sind.<\/p>\n<p>Zur Wahrnehmung Ihrer vorstehenden Rechte auf Widerruf, Auskunft, Berichtigung, L\u00f6schung oder Sperrung Ihrer personenbezogenen Daten, wenden Sie sich bitte \u00fcber die im Impressum genannten Kontaktdaten an uns. Die Inanspruchnahme Ihrer vorstehenden Rechte ist f\u00fcr Sie kostenlos.<\/p>\n<p><strong>Meldepflicht bei Verst\u00f6\u00dfen<\/strong><br \/>\nWir verpflichten uns, f\u00fcr eventuelle Attacken, bei denen personenbezogene Daten abgegriffen werden k\u00f6nnten, durch technische Verfahren, Pr\u00fcfungsregularien und Schutzmechanismen daf\u00fcr Sorge zu tragen, dass dies nicht passiert. Wir sind bem\u00fcht, nach bestem Wissen und technischem Stand so weit es uns m\u00f6glich ist, Attacken auszuschlie\u00dfen. Da es aber unm\u00f6glich ist einen hundertprozentigen Schutz zu gew\u00e4hrleisten, versichern wir im Fall einer Datenschutzverletzung, m\u00f6glichst binnen 72 Stunden, ab Kenntniserlangung, den Vorfall an die Aufsichtsbeh\u00f6rde zu melden. Genauso werden wir die betroffenen Personen m\u00f6glichst binnen 72 Stunden \u00fcber die Art und den Umfang der Datenschutzverletzungen informieren und \u00fcber etwaige n\u00f6tige Handlungsweisen mitteilen. Weiter werden wir schnellstm\u00f6glich daran arbeiten, die Ursache der Datenschutzverletzung nachhaltig zu beheben.<\/p>\n","protected":false},"excerpt":{"rendered":"<p>Offenlegung gem\u00e4\u00df \u00a725 Mediengesetz: &nbsp; Kontakt: personenkomitee@euroexit.org Impressum: Wilhelm Langthaler, Stuwerstr 31, 1020 Wien &nbsp; Haftungsausschluss: Namentlich gekennzeichnete Beitr\u00e4ge m\u00fcssen &hellip; <a href=\"https:\/\/www.euroexit.org\/index.php\/kontakt\/impressum\/\" class=\"more-link\"><span class=\"screen-reader-text\">\u201eImpressum\u201c <\/span>weiterlesen<\/a><\/p>\n","protected":false},"author":8,"featured_media":0,"parent":46,"menu_order":0,"comment_status":"closed","ping_status":"closed","template":"","meta":{"advgb_blocks_editor_width":"","advgb_blocks_columns_visual_guide":""},"coauthors":[],"author_meta":{"author_link":"https:\/\/www.euroexit.org\/index.php\/author\/chris\/","display_name":"chris"},"relative_dates":{"created":"Posted 8 Jahren ago","modified":"Updated 8 Jahren ago"},"absolute_dates":{"created":"Posted on 18. Juli 2018","modified":"Updated on 18. Juli 2018"},"absolute_dates_time":{"created":"Posted on 18. Juli 2018 21:29","modified":"Updated on 18. Juli 2018 21:30"},"featured_img_caption":"","featured_img":false,"series_order":"","_links":{"self":[{"href":"https:\/\/www.euroexit.org\/index.php\/wp-json\/wp\/v2\/pages\/1702"}],"collection":[{"href":"https:\/\/www.euroexit.org\/index.php\/wp-json\/wp\/v2\/pages"}],"about":[{"href":"https:\/\/www.euroexit.org\/index.php\/wp-json\/wp\/v2\/types\/page"}],"author":[{"embeddable":true,"href":"https:\/\/www.euroexit.org\/index.php\/wp-json\/wp\/v2\/users\/8"}],"replies":[{"embeddable":true,"href":"https:\/\/www.euroexit.org\/index.php\/wp-json\/wp\/v2\/comments?post=1702"}],"version-history":[{"count":0,"href":"https:\/\/www.euroexit.org\/index.php\/wp-json\/wp\/v2\/pages\/1702\/revisions"}],"up":[{"embeddable":true,"href":"https:\/\/www.euroexit.org\/index.php\/wp-json\/wp\/v2\/pages\/46"}],"wp:attachment":[{"href":"https:\/\/www.euroexit.org\/index.php\/wp-json\/wp\/v2\/media?parent=1702"}],"curies":[{"name":"wp","href":"https:\/\/api.w.org\/{rel}","templated":true}]}}