{"id":474,"date":"2015-07-29T20:19:21","date_gmt":"2015-07-29T20:19:21","guid":{"rendered":"http:\/\/www.euroexit.org\/?page_id=474"},"modified":"2018-10-29T07:33:32","modified_gmt":"2018-10-29T06:33:32","slug":"mitglieder","status":"publish","type":"page","link":"https:\/\/www.euroexit.org\/index.php\/wer-wir-sind-2\/mitglieder\/","title":{"rendered":"Mitglieder"},"content":{"rendered":"<p>Das Personenkomitee EuroExit ist eine in Entstehung befindliche Initiative. Das hier ver\u00f6ffentlichte <a href=\"https:\/\/www.euroexit.org\/index.php\/manifest-2\/\" target=\"_blank\" rel=\"noopener\">Manifest<\/a> versteht sich als eine Diskussionsgrundlage, die es weiter zu entwickeln gilt. Dementsprechend sind die im folgenden angef\u00fchrten Namen ebenfalls ein Startpunkt, eine erste Gruppe von in unterschiedlichem Ausma\u00df engagierten Personen, die sich das Ziel setzen, eine breitere \u00d6ffentlichkeit aus dem sozialen, politischen, kulturellen und akademischen Bereich f\u00fcr ein gemeinsames Projekt anzusprechen. Einige sind Unterst\u00fctzer, einige Aktivisten &#8211; aus ihnen haben wir vorl\u00e4ufig eine Gruppe von Sprechern, von Proponenten gebildet. F\u00fcr die kommenden Monate haben wir uns intensive Gespr\u00e4che mit Initiativen und Einzelpersonen in \u00d6sterreich vorgenommen, die bis zum Herbst dieses Jahres zu einer soliden Grundlage des Personenkomitees EuroExit beitragen und in eine breiten Gr\u00fcndungsversammlung m\u00fcnden soll.<\/p>\n<div id='gallery-1' class='gallery galleryid-474 gallery-columns-3 gallery-size-thumbnail'><figure class='gallery-item'>\n\t\t\t<div class='gallery-icon landscape'>\n\t\t\t\t<img width=\"150\" height=\"150\" src=\"https:\/\/www.euroexit.org\/wp-content\/uploads\/2015\/05\/Antonia-Renner-150x150.jpg\" class=\"attachment-thumbnail size-thumbnail\" alt=\"Hanno Wisiak\" loading=\"lazy\" aria-describedby=\"gallery-1-176\" srcset=\"https:\/\/www.euroexit.org\/wp-content\/uploads\/2015\/05\/Antonia-Renner-150x150.jpg 150w, https:\/\/www.euroexit.org\/wp-content\/uploads\/2015\/05\/Antonia-Renner.jpg 200w\" sizes=\"(max-width: 150px) 85vw, 150px\" \/>\n\t\t\t<\/div>\n\t\t\t\t<figcaption class='wp-caption-text gallery-caption' id='gallery-1-176'>\n\t\t\t\tHanno Wisiak &#8211; \nBezirksvorsteher-Stellvertreter, Graz-Geidorf und Mitglied des Sekretariats der KP\u00d6 Steiermark. W\u00e4hrend seines Studiums war er in der Studienvertretung Geschichte, im KSV und bei #unibrennt aktiv. Als Aktivist der Friedensbewegung tritt er gegen die geplante EU-Armee und f\u00fcr die Neutralit\u00e4t \u00d6sterreichs ein. Fungiert als einer der Sprecher des Proponentenkomitees.\n\t\t\t\t<\/figcaption><\/figure><figure class='gallery-item'>\n\t\t\t<div class='gallery-icon portrait'>\n\t\t\t\t<img width=\"150\" height=\"150\" src=\"https:\/\/www.euroexit.org\/wp-content\/uploads\/2015\/06\/albert-reiterer-150x150.jpg\" class=\"attachment-thumbnail size-thumbnail\" alt=\"Albert Reiterer\" loading=\"lazy\" aria-describedby=\"gallery-1-237\" \/>\n\t\t\t<\/div>\n\t\t\t\t<figcaption class='wp-caption-text gallery-caption' id='gallery-1-237'>\n\t\t\t\tAlbert Reiterer &#8211; Gesellschaftswissenschafter 1948, somit in Pension nach einem bunten Lebenslauf in der Wirtschaft, der amtlichen Statistik und im akademischen Ambiente. Aktiv und interessiert an Theorie und Praxis von Wirtschaft und Gesellschaft: Politische \u00d6konomie und Historischer Materialismus. Fungiert als einer der Sprecher des Proponentenkomitees.\n\t\t\t\t<\/figcaption><\/figure><figure class='gallery-item'>\n\t\t\t<div class='gallery-icon landscape'>\n\t\t\t\t<img width=\"150\" height=\"150\" src=\"https:\/\/www.euroexit.org\/wp-content\/uploads\/2015\/05\/Tiziana-Fresu-150x150.jpg\" class=\"attachment-thumbnail size-thumbnail\" alt=\"Andrea Mayer-Edoloeyi\" loading=\"lazy\" aria-describedby=\"gallery-1-185\" srcset=\"https:\/\/www.euroexit.org\/wp-content\/uploads\/2015\/05\/Tiziana-Fresu-150x150.jpg 150w, https:\/\/www.euroexit.org\/wp-content\/uploads\/2015\/05\/Tiziana-Fresu.jpg 200w\" sizes=\"(max-width: 150px) 85vw, 150px\" \/>\n\t\t\t<\/div>\n\t\t\t\t<figcaption class='wp-caption-text gallery-caption' id='gallery-1-185'>\n\t\t\t\tAndrea Mayer-Edoloeyi &#8211; katholische Theologin und Social Media-Expertin 1971, lebt in Linz, ist katholische Theologin und Social Media Expertin. Sie engagiert sich in der Solidarwerkstatt \u00d6sterreich.\n\t\t\t\t<\/figcaption><\/figure><figure class='gallery-item'>\n\t\t\t<div class='gallery-icon landscape'>\n\t\t\t\t<img width=\"150\" height=\"150\" src=\"https:\/\/www.euroexit.org\/wp-content\/uploads\/2015\/05\/boris-lechthaler-150x150.jpg\" class=\"attachment-thumbnail size-thumbnail\" alt=\"Boris Lechthaler\" loading=\"lazy\" aria-describedby=\"gallery-1-193\" srcset=\"https:\/\/www.euroexit.org\/wp-content\/uploads\/2015\/05\/boris-lechthaler-150x150.jpg 150w, https:\/\/www.euroexit.org\/wp-content\/uploads\/2015\/05\/boris-lechthaler-300x300.jpg 300w, https:\/\/www.euroexit.org\/wp-content\/uploads\/2015\/05\/boris-lechthaler.jpg 400w\" sizes=\"(max-width: 150px) 85vw, 150px\" \/>\n\t\t\t<\/div>\n\t\t\t\t<figcaption class='wp-caption-text gallery-caption' id='gallery-1-193'>\n\t\t\t\tBoris Lechthaler &#8211; Versicherungsangestellter in Ober\u00f6sterreich und bei der Solidarwerkstatt \u00d6sterreich engagiert. Er ist 1999 aus Protest gegen die gr\u00fcne Kriegspolitik gegen Jugoslawien aus der Gr\u00fcnen Partei ausgetreten und hat 2008 die Bewegung f\u00fcr eine Volksabstimmung \u00fcber den EU-Lissabon-Vertrag mitinitiiert. Die Solidarwerkstatt arbeitet f\u00fcr ein freies, solidarisches, neutrales und weltoffenes \u00d6sterreich und fordert den Austritt \u00d6sterreichs aus der EU. Fungiert als einer der Sprecher des Proponentenkomitees.\n\t\t\t\t<\/figcaption><\/figure><figure class='gallery-item'>\n\t\t\t<div class='gallery-icon landscape'>\n\t\t\t\t<img width=\"150\" height=\"150\" src=\"https:\/\/www.euroexit.org\/wp-content\/uploads\/2015\/05\/wilhelm-langthaler-150x150.jpg\" class=\"attachment-thumbnail size-thumbnail\" alt=\"Wilhelm Langthaler\" loading=\"lazy\" aria-describedby=\"gallery-1-182\" srcset=\"https:\/\/www.euroexit.org\/wp-content\/uploads\/2015\/05\/wilhelm-langthaler-150x150.jpg 150w, https:\/\/www.euroexit.org\/wp-content\/uploads\/2015\/05\/wilhelm-langthaler.jpg 200w\" sizes=\"(max-width: 150px) 85vw, 150px\" \/>\n\t\t\t<\/div>\n\t\t\t\t<figcaption class='wp-caption-text gallery-caption' id='gallery-1-182'>\n\t\t\t\tWilhelm Langthaler &#8211; Aktivist und Publizist geboren 1969 in Graz, studierte Elektrotechnik und Philosophie in Wien, als Angestellter im Industrieanlagenbau t\u00e4tig. Politischer Aktivist gegen die ungerechte Weltordnung insbesondere gegen imperiale Kriege (Irak, Jugoslawien, Pal\u00e4stina, Afghanistan, etc.). Zahlreiche Reisen nach Nahost, den Balkan und Asien. Buchautor. Fungiert als einer der Sprecher des Proponentenkomitees.\n\t\t\t\t<\/figcaption><\/figure><figure class='gallery-item'>\n\t\t\t<div class='gallery-icon landscape'>\n\t\t\t\t<img width=\"150\" height=\"150\" src=\"https:\/\/www.euroexit.org\/wp-content\/uploads\/2015\/05\/gernot-bodner-150x150.jpg\" class=\"attachment-thumbnail size-thumbnail\" alt=\"Gernot Bodner\" loading=\"lazy\" aria-describedby=\"gallery-1-178\" srcset=\"https:\/\/www.euroexit.org\/wp-content\/uploads\/2015\/05\/gernot-bodner-150x150.jpg 150w, https:\/\/www.euroexit.org\/wp-content\/uploads\/2015\/05\/gernot-bodner.jpg 200w\" sizes=\"(max-width: 150px) 85vw, 150px\" \/>\n\t\t\t<\/div>\n\t\t\t\t<figcaption class='wp-caption-text gallery-caption' id='gallery-1-178'>\n\t\t\t\tGernot Bodner &#8211; \u00d6kologe und Bodenphysiker Privatdozent an der Universit\u00e4t f\u00fcr Bodenkultur Wien, Experte f\u00fcr politische und soziale Bewegungen in Lateinamerika mit zahlreichen Reisen in die Region.Fungiert als einer der Sprecher des Proponentenkomitees.\n\t\t\t\t<\/figcaption><\/figure><figure class='gallery-item'>\n\t\t\t<div class='gallery-icon landscape'>\n\t\t\t\t<img width=\"150\" height=\"150\" src=\"https:\/\/www.euroexit.org\/wp-content\/uploads\/2015\/07\/Thomas.jpg\" class=\"attachment-thumbnail size-thumbnail\" alt=\"Thomas Zmrzly\" loading=\"lazy\" aria-describedby=\"gallery-1-440\" \/>\n\t\t\t<\/div>\n\t\t\t\t<figcaption class='wp-caption-text gallery-caption' id='gallery-1-440'>\n\t\t\t\tThomas Zmrzly &#8211; \nKrankenpfleger und Antiimperialist. Sprecher von \u201eIntiativ e.V. Duisburg\u201c und Aktivist des \u201eDuisburger Netzwerks gegen Rechts\u201c. Seit drei Jahrzehnten unterst\u00fctzt Thomas Zmrzly Widerstands- und Befreiungsbewegungen gegen die Vorherrschaft des westlichen, kapitalistischen Zentrums sowie der Subalternen in den Zentren selbst. In letzter Zeit insbesondere aktiv gegen Islamophobie.\n\t\t\t\t<\/figcaption><\/figure><figure class='gallery-item'>\n\t\t\t<div class='gallery-icon landscape'>\n\t\t\t\t<img width=\"150\" height=\"150\" src=\"https:\/\/www.euroexit.org\/wp-content\/uploads\/2015\/07\/s200_peter.rath-sangkhakorn-150x150.jpg\" class=\"attachment-thumbnail size-thumbnail\" alt=\"Peter Rath-Sangkhakorn\" loading=\"lazy\" aria-describedby=\"gallery-1-426\" srcset=\"https:\/\/www.euroexit.org\/wp-content\/uploads\/2015\/07\/s200_peter.rath-sangkhakorn-150x150.jpg 150w, https:\/\/www.euroexit.org\/wp-content\/uploads\/2015\/07\/s200_peter.rath-sangkhakorn.jpg 200w\" sizes=\"(max-width: 150px) 85vw, 150px\" \/>\n\t\t\t<\/div>\n\t\t\t\t<figcaption class='wp-caption-text gallery-caption' id='gallery-1-426'>\n\t\t\t\tPeter Rath-Sangkhakorn &#8211; Wissenschaftlicher Mitarbeiter und Verleger, Bergkamen\n\t\t\t\t<\/figcaption><\/figure><figure class='gallery-item'>\n\t\t\t<div class='gallery-icon portrait'>\n\t\t\t\t<img width=\"150\" height=\"150\" src=\"https:\/\/www.euroexit.org\/wp-content\/uploads\/2015\/07\/etsuko-150x150.jpg\" class=\"attachment-thumbnail size-thumbnail\" alt=\"Etsuko Kondo\" loading=\"lazy\" aria-describedby=\"gallery-1-421\" \/>\n\t\t\t<\/div>\n\t\t\t\t<figcaption class='wp-caption-text gallery-caption' id='gallery-1-421'>\n\t\t\t\tEtsuko Kondo &#8211; Bratschespielerin aus Japan\n\t\t\t\t<\/figcaption><\/figure>\n\t\t<\/div>\n\n","protected":false},"excerpt":{"rendered":"<p>Das Personenkomitee EuroExit ist eine in Entstehung befindliche Initiative. Das hier ver\u00f6ffentlichte Manifest versteht sich als eine Diskussionsgrundlage, die es &hellip; <a href=\"https:\/\/www.euroexit.org\/index.php\/wer-wir-sind-2\/mitglieder\/\" class=\"more-link\"><span class=\"screen-reader-text\">\u201eMitglieder\u201c <\/span>weiterlesen<\/a><\/p>\n","protected":false},"author":2,"featured_media":0,"parent":169,"menu_order":0,"comment_status":"closed","ping_status":"closed","template":"","meta":{"advgb_blocks_editor_width":"","advgb_blocks_columns_visual_guide":""},"coauthors":[],"author_meta":{"author_link":"https:\/\/www.euroexit.org\/index.php\/author\/wilhelm\/","display_name":"Wilhelm Langthaler"},"relative_dates":{"created":"Posted 11 Jahren ago","modified":"Updated 7 Jahren ago"},"absolute_dates":{"created":"Posted on 29. Juli 2015","modified":"Updated on 29. Oktober 2018"},"absolute_dates_time":{"created":"Posted on 29. Juli 2015 20:19","modified":"Updated on 29. Oktober 2018 7:33"},"featured_img_caption":"","featured_img":false,"series_order":"","_links":{"self":[{"href":"https:\/\/www.euroexit.org\/index.php\/wp-json\/wp\/v2\/pages\/474"}],"collection":[{"href":"https:\/\/www.euroexit.org\/index.php\/wp-json\/wp\/v2\/pages"}],"about":[{"href":"https:\/\/www.euroexit.org\/index.php\/wp-json\/wp\/v2\/types\/page"}],"author":[{"embeddable":true,"href":"https:\/\/www.euroexit.org\/index.php\/wp-json\/wp\/v2\/users\/2"}],"replies":[{"embeddable":true,"href":"https:\/\/www.euroexit.org\/index.php\/wp-json\/wp\/v2\/comments?post=474"}],"version-history":[{"count":0,"href":"https:\/\/www.euroexit.org\/index.php\/wp-json\/wp\/v2\/pages\/474\/revisions"}],"up":[{"embeddable":true,"href":"https:\/\/www.euroexit.org\/index.php\/wp-json\/wp\/v2\/pages\/169"}],"wp:attachment":[{"href":"https:\/\/www.euroexit.org\/index.php\/wp-json\/wp\/v2\/media?parent=474"}],"curies":[{"name":"wp","href":"https:\/\/api.w.org\/{rel}","templated":true}]}}