{"id":85,"date":"2015-05-18T22:42:27","date_gmt":"2015-05-18T22:42:27","guid":{"rendered":"http:\/\/www.euroexit.org\/?page_id=85"},"modified":"2018-09-28T11:43:14","modified_gmt":"2018-09-28T09:43:14","slug":"spenden","status":"publish","type":"page","link":"https:\/\/www.euroexit.org\/index.php\/spenden\/","title":{"rendered":"Spenden"},"content":{"rendered":"<h2>Unsere politische Arbeit braucht auch materielle Mittel, die wir ausschlie\u00dflich \u00fcber unsere Mitglieder und Unterst\u00fctzer aufbringen.<\/h2>\n<h2>Wir sind also auf Spenden angewiesen.<\/h2>\n<p>&nbsp;<\/p>\n<h3><strong>Konto:<\/strong><\/h3>\n<h3><em>Albert F. Reiterer<\/em><\/h3>\n<h3><em>IBAN: AT1612000 00701146052<br \/>\n<\/em>BIC: BKAUATWW<\/h3>\n<h3><em> <\/em><\/h3>\n","protected":false},"excerpt":{"rendered":"<p>Unsere politische Arbeit braucht auch materielle Mittel, die wir ausschlie\u00dflich \u00fcber unsere Mitglieder und Unterst\u00fctzer aufbringen. Wir sind also auf &hellip; <a href=\"https:\/\/www.euroexit.org\/index.php\/spenden\/\" class=\"more-link\"><span class=\"screen-reader-text\">\u201eSpenden\u201c <\/span>weiterlesen<\/a><\/p>\n","protected":false},"author":2,"featured_media":0,"parent":0,"menu_order":0,"comment_status":"closed","ping_status":"closed","template":"","meta":{"advgb_blocks_editor_width":"","advgb_blocks_columns_visual_guide":""},"coauthors":[],"author_meta":{"author_link":"https:\/\/www.euroexit.org\/index.php\/author\/wilhelm\/","display_name":"Wilhelm Langthaler"},"relative_dates":{"created":"Posted 11 Jahren ago","modified":"Updated 8 Jahren ago"},"absolute_dates":{"created":"Posted on 18. Mai 2015","modified":"Updated on 28. September 2018"},"absolute_dates_time":{"created":"Posted on 18. Mai 2015 22:42","modified":"Updated on 28. September 2018 11:43"},"featured_img_caption":"","featured_img":false,"series_order":"","_links":{"self":[{"href":"https:\/\/www.euroexit.org\/index.php\/wp-json\/wp\/v2\/pages\/85"}],"collection":[{"href":"https:\/\/www.euroexit.org\/index.php\/wp-json\/wp\/v2\/pages"}],"about":[{"href":"https:\/\/www.euroexit.org\/index.php\/wp-json\/wp\/v2\/types\/page"}],"author":[{"embeddable":true,"href":"https:\/\/www.euroexit.org\/index.php\/wp-json\/wp\/v2\/users\/2"}],"replies":[{"embeddable":true,"href":"https:\/\/www.euroexit.org\/index.php\/wp-json\/wp\/v2\/comments?post=85"}],"version-history":[{"count":0,"href":"https:\/\/www.euroexit.org\/index.php\/wp-json\/wp\/v2\/pages\/85\/revisions"}],"wp:attachment":[{"href":"https:\/\/www.euroexit.org\/index.php\/wp-json\/wp\/v2\/media?parent=85"}],"curies":[{"name":"wp","href":"https:\/\/api.w.org\/{rel}","templated":true}]}}